{"id":437,"date":"2013-01-08T13:53:37","date_gmt":"2013-01-08T13:53:37","guid":{"rendered":"http:\/\/nemetfelkeszites.x3.hu\/?page_id=437"},"modified":"2021-12-22T16:53:50","modified_gmt":"2021-12-22T16:53:50","slug":"partnerek","status":"publish","type":"page","link":"https:\/\/nemetfelkeszites.x3.hu\/?page_id=437","title":{"rendered":"Partnerek"},"content":{"rendered":"<p>Dr K\u00f3tai Katalin<\/p>\n<p><a title=\"N\u00e9met mag\u00e1ntan\u00e1r keres\u0151 oldal\" href=\"http:\/\/www.nemettanarok.hu\">http:\/\/www.nemettanarok.hu<\/a>\/ \u00a0N\u00e9met tan\u00e1rok keres\u0151 oldala<\/p>\n<div class=\"centered\"><\/div>\n<p><span style=\"color: #1f497d; font-family: Calibri;\">\u00a0<\/span><\/p>\n","protected":false},"excerpt":{"rendered":"<p>Dr K\u00f3tai Katalin http:\/\/www.nemettanarok.hu\/ \u00a0N\u00e9met tan\u00e1rok keres\u0151 oldala \u00a0<\/p>\n","protected":false},"author":1,"featured_media":0,"parent":0,"menu_order":0,"comment_status":"open","ping_status":"open","template":"","meta":{"_monsterinsights_skip_tracking":false,"_monsterinsights_sitenote_active":false,"_monsterinsights_sitenote_note":"","_monsterinsights_sitenote_category":0},"_links":{"self":[{"href":"https:\/\/nemetfelkeszites.x3.hu\/index.php?rest_route=\/wp\/v2\/pages\/437"}],"collection":[{"href":"https:\/\/nemetfelkeszites.x3.hu\/index.php?rest_route=\/wp\/v2\/pages"}],"about":[{"href":"https:\/\/nemetfelkeszites.x3.hu\/index.php?rest_route=\/wp\/v2\/types\/page"}],"author":[{"embeddable":true,"href":"https:\/\/nemetfelkeszites.x3.hu\/index.php?rest_route=\/wp\/v2\/users\/1"}],"replies":[{"embeddable":true,"href":"https:\/\/nemetfelkeszites.x3.hu\/index.php?rest_route=%2Fwp%2Fv2%2Fcomments&post=437"}],"version-history":[{"count":20,"href":"https:\/\/nemetfelkeszites.x3.hu\/index.php?rest_route=\/wp\/v2\/pages\/437\/revisions"}],"predecessor-version":[{"id":1588,"href":"https:\/\/nemetfelkeszites.x3.hu\/index.php?rest_route=\/wp\/v2\/pages\/437\/revisions\/1588"}],"wp:attachment":[{"href":"https:\/\/nemetfelkeszites.x3.hu\/index.php?rest_route=%2Fwp%2Fv2%2Fmedia&parent=437"}],"curies":[{"name":"wp","href":"https:\/\/api.w.org\/{rel}","templated":true}]}}