{"id":35,"date":"2017-01-01T17:32:42","date_gmt":"2017-01-01T17:32:42","guid":{"rendered":"http:\/\/nemetfelkeszites.freeweb.hu\/?page_id=35"},"modified":"2024-10-08T10:02:23","modified_gmt":"2024-10-08T10:02:23","slug":"oradijak","status":"publish","type":"page","link":"https:\/\/nemetfelkeszites.x3.hu\/?page_id=35","title":{"rendered":"\u00d3rad\u00edjak"},"content":{"rendered":"<h2>\u00a0<\/h2>\n<table style=\"width: 100%;\">\n<tbody>\n<tr>\n<td>\u00d3raad\u00e1s csak a\u00a0lak\u00e1somon:<\/td>\n<td>5000 Ft (\/45perc)<\/td>\n<\/tr>\n<tr>\n<td>Pr\u00f3ba nyelvvizsg\u00e1k\/sz\u00f3beli,\u00edr\u00e1sbeli:\/<\/td>\n<td>5000Ft (\/45perc \/f\u0151)<\/td>\n<\/tr>\n<tr>\n<td>Csoportos nyelvoktat\u00e1s 2-3 f\u0151 r\u00e9sz\u00e9re:<\/td>\n<td>4000 Ft (\/45perc\/f\u0151)<\/td>\n<\/tr>\n<\/tbody>\n<\/table>\n<p>Rendelkez\u00e9sre \u00e1ll\u00e1si d\u00edjat sz\u00e1molunk fel, 24 \u00f3r\u00e1n bel\u00fcli lemond\u00e1s\/ id\u0151pont m\u00f3dos\u00edt\u00e1s eset\u00e9n melynek m\u00e9rt\u00e9ke az elmaradt \u00f3ra d\u00edja.<\/p>\n\n\n<p><\/p>\n","protected":false},"excerpt":{"rendered":"<p>\u00a0 \u00d3raad\u00e1s csak a\u00a0lak\u00e1somon: 5000 Ft (\/45perc) Pr\u00f3ba nyelvvizsg\u00e1k\/sz\u00f3beli,\u00edr\u00e1sbeli:\/ 5000Ft (\/45perc \/f\u0151) Csoportos nyelvoktat\u00e1s 2-3 f\u0151 r\u00e9sz\u00e9re: 4000 Ft (\/45perc\/f\u0151) Rendelkez\u00e9sre \u00e1ll\u00e1si d\u00edjat sz\u00e1molunk fel, 24 \u00f3r\u00e1n bel\u00fcli lemond\u00e1s\/ id\u0151pont m\u00f3dos\u00edt\u00e1s eset\u00e9n melynek m\u00e9rt\u00e9ke az elmaradt \u00f3ra d\u00edja.<\/p>\n","protected":false},"author":1,"featured_media":0,"parent":0,"menu_order":0,"comment_status":"closed","ping_status":"closed","template":"","meta":{"_monsterinsights_skip_tracking":false,"_monsterinsights_sitenote_active":false,"_monsterinsights_sitenote_note":"","_monsterinsights_sitenote_category":0},"_links":{"self":[{"href":"https:\/\/nemetfelkeszites.x3.hu\/index.php?rest_route=\/wp\/v2\/pages\/35"}],"collection":[{"href":"https:\/\/nemetfelkeszites.x3.hu\/index.php?rest_route=\/wp\/v2\/pages"}],"about":[{"href":"https:\/\/nemetfelkeszites.x3.hu\/index.php?rest_route=\/wp\/v2\/types\/page"}],"author":[{"embeddable":true,"href":"https:\/\/nemetfelkeszites.x3.hu\/index.php?rest_route=\/wp\/v2\/users\/1"}],"replies":[{"embeddable":true,"href":"https:\/\/nemetfelkeszites.x3.hu\/index.php?rest_route=%2Fwp%2Fv2%2Fcomments&post=35"}],"version-history":[{"count":19,"href":"https:\/\/nemetfelkeszites.x3.hu\/index.php?rest_route=\/wp\/v2\/pages\/35\/revisions"}],"predecessor-version":[{"id":1803,"href":"https:\/\/nemetfelkeszites.x3.hu\/index.php?rest_route=\/wp\/v2\/pages\/35\/revisions\/1803"}],"wp:attachment":[{"href":"https:\/\/nemetfelkeszites.x3.hu\/index.php?rest_route=%2Fwp%2Fv2%2Fmedia&parent=35"}],"curies":[{"name":"wp","href":"https:\/\/api.w.org\/{rel}","templated":true}]}}