{"id":330,"date":"2012-04-14T16:22:27","date_gmt":"2012-04-14T16:22:27","guid":{"rendered":"http:\/\/nemetfelkeszites.x3.hu\/?page_id=330"},"modified":"2013-08-26T23:00:07","modified_gmt":"2013-08-26T23:00:07","slug":"nemet-nyelvtanar","status":"publish","type":"page","link":"https:\/\/nemetfelkeszites.x3.hu\/?page_id=330","title":{"rendered":"N\u00e9met nyelvtan\u00e1r inf\u00f3k-linkek"},"content":{"rendered":"<p><strong>Aj\u00e1nlott n\u00e9met sz\u00f3t\u00e1rak, szakirodalom, nyelvi anyagok<\/strong><\/p>\n<p>Tapasztalataim alapj\u00e1n Olaszy Kamilla k\u00f6nyvei a szaknyelvi \u00e9s \u00e1ltal\u00e1nos nyelvi oktat\u00e1shoz kit\u0171n\u0151en \u00e9s hat\u00e9konyan alkalmazhat\u00f3 : <a title=\"http:\/\/www.olka.hu\/nemet_nyelvkonyvek.php\" href=\"http:\/\/www.olka.hu\/nemet_nyelvkonyvek.php\">http:\/\/www.olka.hu\/nemet_nyelvkonyvek.php<\/a><\/p>\n<p>Kit\u0171n\u0151 sz\u00f3t\u00e1r, seg\u00e9dlet \u00a0 <a title=\"http:\/\/akkrt.hu\/1261\/szotar\/nemet\/nagyszotar\/magyar_nemet_klasszikus_nagyszotar_net\" href=\"http:\/\/akkrt.hu\/1261\/szotar\/nemet\/nagyszotar\/magyar_nemet_klasszikus_nagyszotar_net\">Magyar-n\u00e9met klasszikus nagysz\u00f3t\u00e1r<\/a>.Nagyon hasznosak az egynyelv\u0171 sz\u00f3t\u00e1rak is<\/p>\n<p>&nbsp;<\/p>\n","protected":false},"excerpt":{"rendered":"<p>Aj\u00e1nlott n\u00e9met sz\u00f3t\u00e1rak, szakirodalom, nyelvi anyagok Tapasztalataim alapj\u00e1n Olaszy Kamilla k\u00f6nyvei a szaknyelvi \u00e9s \u00e1ltal\u00e1nos nyelvi oktat\u00e1shoz kit\u0171n\u0151en \u00e9s hat\u00e9konyan alkalmazhat\u00f3 : http:\/\/www.olka.hu\/nemet_nyelvkonyvek.php Kit\u0171n\u0151 sz\u00f3t\u00e1r, seg\u00e9dlet \u00a0 Magyar-n\u00e9met klasszikus nagysz\u00f3t\u00e1r.Nagyon hasznosak az egynyelv\u0171 sz\u00f3t\u00e1rak is &nbsp;<\/p>\n","protected":false},"author":1,"featured_media":0,"parent":0,"menu_order":0,"comment_status":"open","ping_status":"open","template":"","meta":{"_monsterinsights_skip_tracking":false,"_monsterinsights_sitenote_active":false,"_monsterinsights_sitenote_note":"","_monsterinsights_sitenote_category":0},"_links":{"self":[{"href":"https:\/\/nemetfelkeszites.x3.hu\/index.php?rest_route=\/wp\/v2\/pages\/330"}],"collection":[{"href":"https:\/\/nemetfelkeszites.x3.hu\/index.php?rest_route=\/wp\/v2\/pages"}],"about":[{"href":"https:\/\/nemetfelkeszites.x3.hu\/index.php?rest_route=\/wp\/v2\/types\/page"}],"author":[{"embeddable":true,"href":"https:\/\/nemetfelkeszites.x3.hu\/index.php?rest_route=\/wp\/v2\/users\/1"}],"replies":[{"embeddable":true,"href":"https:\/\/nemetfelkeszites.x3.hu\/index.php?rest_route=%2Fwp%2Fv2%2Fcomments&post=330"}],"version-history":[{"count":13,"href":"https:\/\/nemetfelkeszites.x3.hu\/index.php?rest_route=\/wp\/v2\/pages\/330\/revisions"}],"predecessor-version":[{"id":687,"href":"https:\/\/nemetfelkeszites.x3.hu\/index.php?rest_route=\/wp\/v2\/pages\/330\/revisions\/687"}],"wp:attachment":[{"href":"https:\/\/nemetfelkeszites.x3.hu\/index.php?rest_route=%2Fwp%2Fv2%2Fmedia&parent=330"}],"curies":[{"name":"wp","href":"https:\/\/api.w.org\/{rel}","templated":true}]}}