{"id":306,"date":"2011-10-26T21:43:32","date_gmt":"2011-10-26T21:43:32","guid":{"rendered":"http:\/\/nemetfelkeszites.freeweb.hu\/?page_id=306"},"modified":"2015-04-27T22:55:32","modified_gmt":"2015-04-27T22:55:32","slug":"napi-hirek-nyelvgyakorlashoz-nemetul","status":"publish","type":"page","link":"https:\/\/nemetfelkeszites.x3.hu\/?page_id=306","title":{"rendered":"Napi h\u00edrek n\u00e9met\u00fcl"},"content":{"rendered":"<h2>Gyakoroljon n\u00e9met\u00fcl a napi h\u00edrek\u00a0 olvas\u00e1s\u00e1val:<\/h2>\n<h2><a title=\"Napi h\u00edrek a nagyvil\u00e1gb\u00f3l n\u00e9met\u00fcl\" href=\"http:\/\/news.google.hu\/news?edchanged=1&amp;ned=de\" target=\"_blank\">Napi h\u00edrek a nagyvil\u00e1gb\u00f3l n\u00e9met\u00fcl<\/a><\/h2>\n<p>Ha minden nap\u00a0 egy cikket elolvas , \u00e9s esetleg nem is \u00e9rti az \u00f6sszes sz\u00f3t, azt veszi \u00e9szre\u00a0\u00a0\u00a0 majd, hogy k\u00e9s\u0151bb egyes szavak ismer\u0151sek lesznek, \u00e9s nagyj\u00e1b\u00f3l tudja mit jelentenek (de m\u00e9g\u00a0 nem biztos benne) \u00e9s egy id\u0151 ut\u00e1n m\u00e1r a jelent\u00e9s\u00e9t kital\u00e1lja a sz\u00f6vegk\u00f6rnyezetb\u0151l.<\/p>\n<p>Persze a legjobb ha van lehet\u0151s\u00e9ge egy sz\u00f3t\u00e1rban megn\u00e9zni a szavak pontos jelent\u00e9seit, de egy id\u0151 ut\u00e1n a sok olvas\u00e1ssal a szavak &#8222;magukt\u00f3l&#8221; is meglehet\u0151sen pontos \u00e9rtelmet nyernek.<\/p>\n<p>J\u00f3 olvas\u00e1st!<\/p>\n<p>&nbsp;<\/p>\n<p>&nbsp;<\/p>\n","protected":false},"excerpt":{"rendered":"<p>Gyakoroljon n\u00e9met\u00fcl a napi h\u00edrek\u00a0 olvas\u00e1s\u00e1val: Napi h\u00edrek a nagyvil\u00e1gb\u00f3l n\u00e9met\u00fcl Ha minden nap\u00a0 egy cikket elolvas , \u00e9s esetleg nem is \u00e9rti az \u00f6sszes sz\u00f3t, azt veszi \u00e9szre\u00a0\u00a0\u00a0 majd, hogy k\u00e9s\u0151bb egyes szavak ismer\u0151sek lesznek, \u00e9s nagyj\u00e1b\u00f3l tudja mit jelentenek (de m\u00e9g\u00a0 nem biztos benne) \u00e9s egy id\u0151 ut\u00e1n m\u00e1r a jelent\u00e9s\u00e9t kital\u00e1lja a &hellip; <a href=\"https:\/\/nemetfelkeszites.x3.hu\/?page_id=306\" class=\"more-link\"><span class=\"screen-reader-text\">Napi h\u00edrek n\u00e9met\u00fcl<\/span> b\u0151vebben&#8230; <span class=\"meta-nav\">&rarr;<\/span><\/a><\/p>\n","protected":false},"author":1,"featured_media":0,"parent":0,"menu_order":0,"comment_status":"open","ping_status":"open","template":"","meta":{"_monsterinsights_skip_tracking":false,"_monsterinsights_sitenote_active":false,"_monsterinsights_sitenote_note":"","_monsterinsights_sitenote_category":0},"_links":{"self":[{"href":"https:\/\/nemetfelkeszites.x3.hu\/index.php?rest_route=\/wp\/v2\/pages\/306"}],"collection":[{"href":"https:\/\/nemetfelkeszites.x3.hu\/index.php?rest_route=\/wp\/v2\/pages"}],"about":[{"href":"https:\/\/nemetfelkeszites.x3.hu\/index.php?rest_route=\/wp\/v2\/types\/page"}],"author":[{"embeddable":true,"href":"https:\/\/nemetfelkeszites.x3.hu\/index.php?rest_route=\/wp\/v2\/users\/1"}],"replies":[{"embeddable":true,"href":"https:\/\/nemetfelkeszites.x3.hu\/index.php?rest_route=%2Fwp%2Fv2%2Fcomments&post=306"}],"version-history":[{"count":2,"href":"https:\/\/nemetfelkeszites.x3.hu\/index.php?rest_route=\/wp\/v2\/pages\/306\/revisions"}],"predecessor-version":[{"id":975,"href":"https:\/\/nemetfelkeszites.x3.hu\/index.php?rest_route=\/wp\/v2\/pages\/306\/revisions\/975"}],"wp:attachment":[{"href":"https:\/\/nemetfelkeszites.x3.hu\/index.php?rest_route=%2Fwp%2Fv2%2Fmedia&parent=306"}],"curies":[{"name":"wp","href":"https:\/\/api.w.org\/{rel}","templated":true}]}}